{"id":2097,"date":"2019-04-22T17:42:17","date_gmt":"2019-04-22T16:42:17","guid":{"rendered":"http:\/\/www.oliverchimbo.com\/?page_id=2097"},"modified":"2022-03-16T18:38:46","modified_gmt":"2022-03-16T17:38:46","slug":"home","status":"publish","type":"page","link":"https:\/\/www.oliverchimbo.com\/","title":{"rendered":"Julia &#038; Oliver"},"content":{"rendered":"\t\t<div data-elementor-type=\"wp-post\" data-elementor-id=\"2097\" class=\"elementor elementor-2097\" data-elementor-settings=\"[]\">\n\t\t\t\t\t\t<div class=\"elementor-inner\">\n\t\t\t\t\t\t\t<div class=\"elementor-section-wrap\">\n\t\t\t\t\t\t\t<section class=\"elementor-section elementor-top-section elementor-element elementor-element-7f3c2b3 elementor-section-boxed elementor-section-height-default elementor-section-height-default\" data-id=\"7f3c2b3\" data-element_type=\"section\">\n\t\t\t\t\t\t<div class=\"elementor-container elementor-column-gap-default\">\n\t\t\t\t\t\t\t<div class=\"elementor-row\">\n\t\t\t\t\t<div class=\"elementor-column elementor-col-100 elementor-top-column elementor-element elementor-element-b17eaf7\" data-id=\"b17eaf7\" data-element_type=\"column\">\n\t\t\t<div class=\"elementor-column-wrap elementor-element-populated\">\n\t\t\t\t\t\t\t<div class=\"elementor-widget-wrap\">\n\t\t\t\t\t\t<div class=\"elementor-element elementor-element-53d0f53 elementor-widget elementor-widget-spacer\" data-id=\"53d0f53\" data-element_type=\"widget\" data-widget_type=\"spacer.default\">\n\t\t\t\t<div class=\"elementor-widget-container\">\n\t\t\t\t\t<div class=\"elementor-spacer\">\n\t\t\t<div class=\"elementor-spacer-inner\"><\/div>\n\t\t<\/div>\n\t\t\t\t<\/div>\n\t\t\t\t<\/div>\n\t\t\t\t\t\t<\/div>\n\t\t\t\t\t<\/div>\n\t\t<\/div>\n\t\t\t\t\t\t\t\t<\/div>\n\t\t\t\t\t<\/div>\n\t\t<\/section>\n\t\t\t\t<section class=\"elementor-section elementor-top-section elementor-element elementor-element-b4d8fe6 elementor-section-boxed elementor-section-height-default elementor-section-height-default\" data-id=\"b4d8fe6\" data-element_type=\"section\">\n\t\t\t\t\t\t<div class=\"elementor-container elementor-column-gap-default\">\n\t\t\t\t\t\t\t<div class=\"elementor-row\">\n\t\t\t\t\t<div class=\"elementor-column elementor-col-100 elementor-top-column elementor-element elementor-element-4f6504f\" data-id=\"4f6504f\" data-element_type=\"column\">\n\t\t\t<div class=\"elementor-column-wrap elementor-element-populated\">\n\t\t\t\t\t\t\t<div class=\"elementor-widget-wrap\">\n\t\t\t\t\t\t<div class=\"elementor-element elementor-element-ecb85d1 elementor-invisible elementor-widget elementor-widget-image\" data-id=\"ecb85d1\" data-element_type=\"widget\" data-settings=\"{&quot;_animation&quot;:&quot;fadeInLeft&quot;}\" data-widget_type=\"image.default\">\n\t\t\t\t<div class=\"elementor-widget-container\">\n\t\t\t\t\t\t\t\t<div class=\"elementor-image\">\n\t\t\t\t\t\t\t\t\t\t\t\t<img width=\"2534\" height=\"1298\" src=\"https:\/\/www.oliverchimbo.com\/wp-content\/uploads\/2019\/04\/Julia-Oliver-Chimbo-9_original-e1556046886445.jpg\" class=\"attachment-full size-full\" alt=\"\" loading=\"lazy\" srcset=\"https:\/\/www.oliverchimbo.com\/wp-content\/uploads\/2019\/04\/Julia-Oliver-Chimbo-9_original-e1556046886445.jpg 2534w, https:\/\/www.oliverchimbo.com\/wp-content\/uploads\/2019\/04\/Julia-Oliver-Chimbo-9_original-e1556046886445-600x307.jpg 600w, https:\/\/www.oliverchimbo.com\/wp-content\/uploads\/2019\/04\/Julia-Oliver-Chimbo-9_original-e1556046886445-768x393.jpg 768w, https:\/\/www.oliverchimbo.com\/wp-content\/uploads\/2019\/04\/Julia-Oliver-Chimbo-9_original-e1556046886445-1024x525.jpg 1024w\" sizes=\"(max-width: 2534px) 100vw, 2534px\" \/>\t\t\t\t\t\t\t\t\t\t\t\t\t\t<\/div>\n\t\t\t\t\t\t<\/div>\n\t\t\t\t<\/div>\n\t\t\t\t<div class=\"elementor-element elementor-element-a514ecb elementor-widget elementor-widget-spacer\" data-id=\"a514ecb\" data-element_type=\"widget\" data-widget_type=\"spacer.default\">\n\t\t\t\t<div class=\"elementor-widget-container\">\n\t\t\t\t\t<div class=\"elementor-spacer\">\n\t\t\t<div class=\"elementor-spacer-inner\"><\/div>\n\t\t<\/div>\n\t\t\t\t<\/div>\n\t\t\t\t<\/div>\n\t\t\t\t\t\t<\/div>\n\t\t\t\t\t<\/div>\n\t\t<\/div>\n\t\t\t\t\t\t\t\t<\/div>\n\t\t\t\t\t<\/div>\n\t\t<\/section>\n\t\t\t\t<section class=\"elementor-section elementor-top-section elementor-element elementor-element-84ccf43 elementor-section-boxed elementor-section-height-default elementor-section-height-default\" data-id=\"84ccf43\" data-element_type=\"section\">\n\t\t\t\t\t\t<div class=\"elementor-container elementor-column-gap-default\">\n\t\t\t\t\t\t\t<div class=\"elementor-row\">\n\t\t\t\t\t<div class=\"elementor-column elementor-col-100 elementor-top-column elementor-element elementor-element-85d3075\" data-id=\"85d3075\" data-element_type=\"column\">\n\t\t\t<div class=\"elementor-column-wrap elementor-element-populated\">\n\t\t\t\t\t\t\t<div class=\"elementor-widget-wrap\">\n\t\t\t\t\t\t<div class=\"elementor-element elementor-element-18a7be3 elementor-widget elementor-widget-heading\" data-id=\"18a7be3\" data-element_type=\"widget\" data-widget_type=\"heading.default\">\n\t\t\t\t<div class=\"elementor-widget-container\">\n\t\t\t<h2 class=\"elementor-heading-title elementor-size-default\">Wer wir sind<\/h2>\t\t<\/div>\n\t\t\t\t<\/div>\n\t\t\t\t\t\t<\/div>\n\t\t\t\t\t<\/div>\n\t\t<\/div>\n\t\t\t\t\t\t\t\t<\/div>\n\t\t\t\t\t<\/div>\n\t\t<\/section>\n\t\t\t\t<section class=\"elementor-section elementor-top-section elementor-element elementor-element-af0d1ca elementor-section-boxed elementor-section-height-default elementor-section-height-default\" data-id=\"af0d1ca\" data-element_type=\"section\">\n\t\t\t\t\t\t<div class=\"elementor-container elementor-column-gap-default\">\n\t\t\t\t\t\t\t<div class=\"elementor-row\">\n\t\t\t\t\t<div class=\"elementor-column elementor-col-100 elementor-top-column elementor-element elementor-element-993a893\" data-id=\"993a893\" data-element_type=\"column\">\n\t\t\t<div class=\"elementor-column-wrap elementor-element-populated\">\n\t\t\t\t\t\t\t<div class=\"elementor-widget-wrap\">\n\t\t\t\t\t\t<div class=\"elementor-element elementor-element-20d7fe2 elementor-widget elementor-widget-text-editor\" data-id=\"20d7fe2\" data-element_type=\"widget\" data-widget_type=\"text-editor.default\">\n\t\t\t\t<div class=\"elementor-widget-container\">\n\t\t\t\t\t\t\t\t<div class=\"elementor-text-editor elementor-clearfix\">\n\t\t\t\t<p><strong>Deutsche Salsa Meister 2018<\/strong><\/p><p>Julia P\u00f6schel und Oliver Chimbo tanzen bereits seit dem Jahr 2006 zusammen. Die Beziehung, die sie \u00fcber diese dreizehn Jahre zusammen aufgebaut haben, spiegelt sich wieder, wenn die beiden unterrichten oder gemeinsam auf der B\u00fchne stehen.<\/p><p>Jung und dynamisch entwickeln Julia &amp; Oliver sich stetig weiter. Inzwischen haben sie zw\u00f6lf Choreographien deutschland- und europaweit pr\u00e4sentiert. Auf B\u00fchnen in Mailand, Z\u00fcrich, Luxemburg, Amsterdam, Warschau, Karlsruhe, Berlin, Stuttgart, Frankfurt, Hamburg, M\u00fcnchen, Hannover, Darmstadt oder bei Events wie \u201eDas Fest\u201c oder f\u00fcr den Oberb\u00fcrgermeister in Karlsruhe haben Julia &amp; Oliver als Vorreiter Deutschland vertreten.<\/p><p>Die beiden unterrichten die Eddie Torres Technik\u00a0und freuen sich, dass Mambo (Salsa On2) in Deutschland weiter w\u00e4chst!<\/p>\t\t\t\t\t<\/div>\n\t\t\t\t\t\t<\/div>\n\t\t\t\t<\/div>\n\t\t\t\t\t\t<\/div>\n\t\t\t\t\t<\/div>\n\t\t<\/div>\n\t\t\t\t\t\t\t\t<\/div>\n\t\t\t\t\t<\/div>\n\t\t<\/section>\n\t\t\t\t<section class=\"elementor-section elementor-top-section elementor-element elementor-element-c8aa894 elementor-section-boxed elementor-section-height-default elementor-section-height-default\" data-id=\"c8aa894\" data-element_type=\"section\">\n\t\t\t\t\t\t<div class=\"elementor-container elementor-column-gap-default\">\n\t\t\t\t\t\t\t<div class=\"elementor-row\">\n\t\t\t\t\t<div class=\"elementor-column elementor-col-100 elementor-top-column elementor-element elementor-element-c3b0a12\" data-id=\"c3b0a12\" data-element_type=\"column\">\n\t\t\t<div class=\"elementor-column-wrap elementor-element-populated\">\n\t\t\t\t\t\t\t<div class=\"elementor-widget-wrap\">\n\t\t\t\t\t\t<div class=\"elementor-element elementor-element-ff8251e elementor-widget elementor-widget-heading\" data-id=\"ff8251e\" data-element_type=\"widget\" data-widget_type=\"heading.default\">\n\t\t\t\t<div class=\"elementor-widget-container\">\n\t\t\t<h2 class=\"elementor-heading-title elementor-size-default\">Was wir leisten<\/h2>\t\t<\/div>\n\t\t\t\t<\/div>\n\t\t\t\t\t\t<\/div>\n\t\t\t\t\t<\/div>\n\t\t<\/div>\n\t\t\t\t\t\t\t\t<\/div>\n\t\t\t\t\t<\/div>\n\t\t<\/section>\n\t\t\t\t<section class=\"elementor-section elementor-top-section elementor-element elementor-element-23f94e8 elementor-section-boxed elementor-section-height-default elementor-section-height-default\" data-id=\"23f94e8\" data-element_type=\"section\">\n\t\t\t\t\t\t<div class=\"elementor-container elementor-column-gap-default\">\n\t\t\t\t\t\t\t<div class=\"elementor-row\">\n\t\t\t\t\t<div class=\"elementor-column elementor-col-100 elementor-top-column elementor-element elementor-element-cea03f1\" data-id=\"cea03f1\" data-element_type=\"column\">\n\t\t\t<div class=\"elementor-column-wrap elementor-element-populated\">\n\t\t\t\t\t\t\t<div class=\"elementor-widget-wrap\">\n\t\t\t\t\t\t<div class=\"elementor-element elementor-element-d3acec7 elementor-widget elementor-widget-text-editor\" data-id=\"d3acec7\" data-element_type=\"widget\" data-widget_type=\"text-editor.default\">\n\t\t\t\t<div class=\"elementor-widget-container\">\n\t\t\t\t\t\t\t\t<div class=\"elementor-text-editor elementor-clearfix\">\n\t\t\t\t<p>Wir bieten ein breit gef\u00e4chertes Showprogramm, das individuell an Ihre W\u00fcnsche angepasst werden kann. Gerne geben wir auch Workshops und Schnupperkurse bei Veranstaltungen.<\/p>\t\t\t\t\t<\/div>\n\t\t\t\t\t\t<\/div>\n\t\t\t\t<\/div>\n\t\t\t\t\t\t<\/div>\n\t\t\t\t\t<\/div>\n\t\t<\/div>\n\t\t\t\t\t\t\t\t<\/div>\n\t\t\t\t\t<\/div>\n\t\t<\/section>\n\t\t\t\t<section class=\"elementor-section elementor-top-section elementor-element elementor-element-77e1d3e elementor-section-boxed elementor-section-height-default elementor-section-height-default\" data-id=\"77e1d3e\" data-element_type=\"section\">\n\t\t\t\t\t\t<div class=\"elementor-container elementor-column-gap-default\">\n\t\t\t\t\t\t\t<div class=\"elementor-row\">\n\t\t\t\t\t<div class=\"elementor-column elementor-col-33 elementor-top-column elementor-element elementor-element-5388f26\" data-id=\"5388f26\" data-element_type=\"column\">\n\t\t\t<div class=\"elementor-column-wrap elementor-element-populated\">\n\t\t\t\t\t\t\t<div class=\"elementor-widget-wrap\">\n\t\t\t\t\t\t<div class=\"elementor-element elementor-element-2be9851 elementor-invisible elementor-widget elementor-widget-image\" data-id=\"2be9851\" data-element_type=\"widget\" data-settings=\"{&quot;_animation&quot;:&quot;fadeInLeft&quot;}\" data-widget_type=\"image.default\">\n\t\t\t\t<div class=\"elementor-widget-container\">\n\t\t\t\t\t\t\t\t<div class=\"elementor-image\">\n\t\t\t\t\t\t\t\t\t\t\t\t<img width=\"613\" height=\"920\" src=\"https:\/\/www.oliverchimbo.com\/wp-content\/uploads\/2019\/04\/20150725_30_Salsa_TSC_Astoria-1.jpg\" class=\"attachment-large size-large\" alt=\"\" loading=\"lazy\" srcset=\"https:\/\/www.oliverchimbo.com\/wp-content\/uploads\/2019\/04\/20150725_30_Salsa_TSC_Astoria-1.jpg 613w, https:\/\/www.oliverchimbo.com\/wp-content\/uploads\/2019\/04\/20150725_30_Salsa_TSC_Astoria-1-600x900.jpg 600w\" sizes=\"(max-width: 613px) 100vw, 613px\" \/>\t\t\t\t\t\t\t\t\t\t\t\t\t\t<\/div>\n\t\t\t\t\t\t<\/div>\n\t\t\t\t<\/div>\n\t\t\t\t\t\t<\/div>\n\t\t\t\t\t<\/div>\n\t\t<\/div>\n\t\t\t\t<div class=\"elementor-column elementor-col-66 elementor-top-column elementor-element elementor-element-d565673\" data-id=\"d565673\" data-element_type=\"column\">\n\t\t\t<div class=\"elementor-column-wrap elementor-element-populated\">\n\t\t\t\t\t\t\t<div class=\"elementor-widget-wrap\">\n\t\t\t\t\t\t<div class=\"elementor-element elementor-element-dc9dcfa elementor-widget elementor-widget-text-editor\" data-id=\"dc9dcfa\" data-element_type=\"widget\" data-widget_type=\"text-editor.default\">\n\t\t\t\t<div class=\"elementor-widget-container\">\n\t\t\t\t\t\t\t\t<div class=\"elementor-text-editor elementor-clearfix\">\n\t\t\t\t<h2 style=\"text-align: center;\"><em><strong><span style=\"color: #fa6604;\">Julia<\/span><\/strong><br \/><\/em><\/h2><p><em>&#8222;Zum B\u00fchnentanz kam ich als Jugendliche durch Workshops der Stage School in Hamburg, zum Salsa hingegen durch die Liebe. Seit 2008 leite ich nun schon zusammen mit meinem Partner Oliver die Salsaabteilung des Tanzsportclub Astoria Karlsruhe und bin deutschlandweit und im benachbarten Ausland f\u00fcr Showauftritte, Workshops und bei Meisterschaften unterwegs. Zuletzt konnten wir hierbei den 4. Platz bei der Deutschen Salsa Meisterschaft 2016 sowie Bronze bei den Stargate Shows f\u00fcr Paare im Salsa Festival &#8222;El Sol&#8220; in Warschau ertanzen.<\/em><\/p><p><em>Meine Salsakenntnisse konnte ich neben zahlreichen Festivals dank eines Auslandsaufenthaltes in Mailand erwerben. Dort hatte ich die M\u00f6glichkeit, mich 2010 f\u00fcr ein halbes Jahr in der Sosacademy (Tropical Gem) weiterzubilden. Seit 2012 habe ich nun meine Leidenschaft f\u00fcr Mambo (On2) entdeckt und freue mich seitdem intensiv die &#8222;Eddie Torres Technik&#8220; bei Adolfo Indacochea und Tania Cannarsa lernen zu d\u00fcrfen.&#8220;<\/em><\/p>\t\t\t\t\t<\/div>\n\t\t\t\t\t\t<\/div>\n\t\t\t\t<\/div>\n\t\t\t\t\t\t<\/div>\n\t\t\t\t\t<\/div>\n\t\t<\/div>\n\t\t\t\t\t\t\t\t<\/div>\n\t\t\t\t\t<\/div>\n\t\t<\/section>\n\t\t\t\t<section class=\"elementor-section elementor-top-section elementor-element elementor-element-b945a1a elementor-section-boxed elementor-section-height-default elementor-section-height-default\" data-id=\"b945a1a\" data-element_type=\"section\">\n\t\t\t\t\t\t<div class=\"elementor-container elementor-column-gap-default\">\n\t\t\t\t\t\t\t<div class=\"elementor-row\">\n\t\t\t\t\t<div class=\"elementor-column elementor-col-33 elementor-top-column elementor-element elementor-element-388c926\" data-id=\"388c926\" data-element_type=\"column\">\n\t\t\t<div class=\"elementor-column-wrap elementor-element-populated\">\n\t\t\t\t\t\t\t<div class=\"elementor-widget-wrap\">\n\t\t\t\t\t\t<div class=\"elementor-element elementor-element-64b61f1 elementor-invisible elementor-widget elementor-widget-image\" data-id=\"64b61f1\" data-element_type=\"widget\" data-settings=\"{&quot;_animation&quot;:&quot;fadeInLeft&quot;}\" data-widget_type=\"image.default\">\n\t\t\t\t<div class=\"elementor-widget-container\">\n\t\t\t\t\t\t\t\t<div class=\"elementor-image\">\n\t\t\t\t\t\t\t\t\t\t\t\t<img width=\"613\" height=\"920\" src=\"https:\/\/www.oliverchimbo.com\/wp-content\/uploads\/2019\/04\/20150725_13_Salsa_TSC_Astoria.jpg\" class=\"attachment-large size-large\" alt=\"\" loading=\"lazy\" srcset=\"https:\/\/www.oliverchimbo.com\/wp-content\/uploads\/2019\/04\/20150725_13_Salsa_TSC_Astoria.jpg 613w, https:\/\/www.oliverchimbo.com\/wp-content\/uploads\/2019\/04\/20150725_13_Salsa_TSC_Astoria-600x900.jpg 600w\" sizes=\"(max-width: 613px) 100vw, 613px\" \/>\t\t\t\t\t\t\t\t\t\t\t\t\t\t<\/div>\n\t\t\t\t\t\t<\/div>\n\t\t\t\t<\/div>\n\t\t\t\t\t\t<\/div>\n\t\t\t\t\t<\/div>\n\t\t<\/div>\n\t\t\t\t<div class=\"elementor-column elementor-col-66 elementor-top-column elementor-element elementor-element-5088c15\" data-id=\"5088c15\" data-element_type=\"column\">\n\t\t\t<div class=\"elementor-column-wrap elementor-element-populated\">\n\t\t\t\t\t\t\t<div class=\"elementor-widget-wrap\">\n\t\t\t\t\t\t<div class=\"elementor-element elementor-element-22fa83d elementor-widget elementor-widget-text-editor\" data-id=\"22fa83d\" data-element_type=\"widget\" data-widget_type=\"text-editor.default\">\n\t\t\t\t<div class=\"elementor-widget-container\">\n\t\t\t\t\t\t\t\t<div class=\"elementor-text-editor elementor-clearfix\">\n\t\t\t\t<h2 style=\"text-align: center;\"><span style=\"color: #fa6604;\">Oliver<\/span><\/h2><p><em>&#8222;Ich komme aus Ecuador, S\u00fcdamerika, und bin bekannt f\u00fcr mein Temperament und Feuer auf der Tanzfl\u00e4che! Man erkennt mich auch an meiner energievollen und spa\u00dfigen Art zu Unterrichten.<\/em><\/p><p><em>Seit 2007 bin ich deutschlandweit und im benachbarten Ausland f\u00fcr Workshops und Showauftritte unterwegs und zusammen mit meiner Julia leite ich seit 2008 die Salsaabteilung des Tanzsportclub Astoria Karlsruhe. Zusammen erreichten wir den ersten Platz bei der Deutschen Salsa Meisterschaft 2018, Bronze bei der Deutschen Salsa Meisterschaft 2010 sowie den zweiten Platz bei den Badischen Salsameisterschaften 2011.&#8220;<\/em><\/p>\t\t\t\t\t<\/div>\n\t\t\t\t\t\t<\/div>\n\t\t\t\t<\/div>\n\t\t\t\t\t\t<\/div>\n\t\t\t\t\t<\/div>\n\t\t<\/div>\n\t\t\t\t\t\t\t\t<\/div>\n\t\t\t\t\t<\/div>\n\t\t<\/section>\n\t\t\t\t\t\t<\/div>\n\t\t\t\t\t\t<\/div>\n\t\t\t\t\t<\/div>\n\t\t","protected":false},"excerpt":{"rendered":"<p>Wer wir sind Deutsche Salsa Meister 2018 Julia P\u00f6schel und Oliver Chimbo tanzen bereits seit dem Jahr 2006 zusammen. Die Beziehung, die sie \u00fcber diese dreizehn Jahre zusammen aufgebaut haben, spiegelt sich wieder, wenn die beiden unterrichten oder gemeinsam auf der B\u00fchne stehen. Jung und dynamisch entwickeln Julia &amp; Oliver sich stetig weiter. Inzwischen haben [&hellip;]<\/p>\n","protected":false},"author":1,"featured_media":0,"parent":0,"menu_order":0,"comment_status":"closed","ping_status":"closed","template":"","meta":[],"_links":{"self":[{"href":"https:\/\/www.oliverchimbo.com\/index.php?rest_route=\/wp\/v2\/pages\/2097"}],"collection":[{"href":"https:\/\/www.oliverchimbo.com\/index.php?rest_route=\/wp\/v2\/pages"}],"about":[{"href":"https:\/\/www.oliverchimbo.com\/index.php?rest_route=\/wp\/v2\/types\/page"}],"author":[{"embeddable":true,"href":"https:\/\/www.oliverchimbo.com\/index.php?rest_route=\/wp\/v2\/users\/1"}],"replies":[{"embeddable":true,"href":"https:\/\/www.oliverchimbo.com\/index.php?rest_route=%2Fwp%2Fv2%2Fcomments&post=2097"}],"version-history":[{"count":65,"href":"https:\/\/www.oliverchimbo.com\/index.php?rest_route=\/wp\/v2\/pages\/2097\/revisions"}],"predecessor-version":[{"id":2529,"href":"https:\/\/www.oliverchimbo.com\/index.php?rest_route=\/wp\/v2\/pages\/2097\/revisions\/2529"}],"wp:attachment":[{"href":"https:\/\/www.oliverchimbo.com\/index.php?rest_route=%2Fwp%2Fv2%2Fmedia&parent=2097"}],"curies":[{"name":"wp","href":"https:\/\/api.w.org\/{rel}","templated":true}]}}